{"id":975,"date":"2012-10-10T22:22:45","date_gmt":"2012-10-10T20:22:45","guid":{"rendered":"http:\/\/urlaub.vogt-clan.de\/?page_id=975"},"modified":"2012-10-10T22:22:45","modified_gmt":"2012-10-10T20:22:45","slug":"hinweise","status":"publish","type":"page","link":"https:\/\/urlaub.vogt-clan.de\/?page_id=975","title":{"rendered":"Hinweise"},"content":{"rendered":"<p>Zum Zeitpunkt der Erstellung sind die Informationen auf dem entsprechenden Stand, nachtr\u00e4gliche \u00dcberarbeitungen finden nicht statt. Wenn 2009 Anbieter A am g\u00fcnstigsten war und wir dort gebucht haben, hei\u00dft das nicht, dass er auch 2013 der Billigste ist.<\/p>\n<p>Wir stehen mit keinem Anbieter in gesch\u00e4ftlicher Verbindung. Sollte irgendwo ein Anbieter namentlich oder mit Link genannt sein, so war er zu der damaligen Zeit der von uns ermittelte beste Anbieter. Das hei\u00dft nicht, dass er der absolut billigste war und dass das heute immer noch so ist.<\/p>\n<p>Also: selber suchen, recherchieren und vor allen Dingen: vor der Buchung darauf achten, dass es den Laden wirklich gibt!<\/p>\n","protected":false},"excerpt":{"rendered":"<p>Zum Zeitpunkt der Erstellung sind die Informationen auf dem entsprechenden Stand, nachtr\u00e4gliche \u00dcberarbeitungen finden nicht statt. Wenn 2009 Anbieter A am g\u00fcnstigsten war und wir dort gebucht haben, hei\u00dft das nicht, dass er auch 2013 der Billigste ist. Wir stehen mit keinem Anbieter in gesch\u00e4ftlicher Verbindung. Sollte irgendwo ein Anbieter namentlich oder mit Link genannt &hellip; <a href=\"https:\/\/urlaub.vogt-clan.de\/?page_id=975\" class=\"more-link\"><span class=\"screen-reader-text\">\u201eHinweise\u201c <\/span>weiterlesen<\/a><\/p>\n","protected":false},"author":3,"featured_media":0,"parent":0,"menu_order":0,"comment_status":"open","ping_status":"open","template":"","meta":{"_s2mail":"yes","footnotes":""},"class_list":["post-975","page","type-page","status-publish","hentry"],"_links":{"self":[{"href":"https:\/\/urlaub.vogt-clan.de\/index.php?rest_route=\/wp\/v2\/pages\/975","targetHints":{"allow":["GET"]}}],"collection":[{"href":"https:\/\/urlaub.vogt-clan.de\/index.php?rest_route=\/wp\/v2\/pages"}],"about":[{"href":"https:\/\/urlaub.vogt-clan.de\/index.php?rest_route=\/wp\/v2\/types\/page"}],"author":[{"embeddable":true,"href":"https:\/\/urlaub.vogt-clan.de\/index.php?rest_route=\/wp\/v2\/users\/3"}],"replies":[{"embeddable":true,"href":"https:\/\/urlaub.vogt-clan.de\/index.php?rest_route=%2Fwp%2Fv2%2Fcomments&post=975"}],"version-history":[{"count":4,"href":"https:\/\/urlaub.vogt-clan.de\/index.php?rest_route=\/wp\/v2\/pages\/975\/revisions"}],"predecessor-version":[{"id":979,"href":"https:\/\/urlaub.vogt-clan.de\/index.php?rest_route=\/wp\/v2\/pages\/975\/revisions\/979"}],"wp:attachment":[{"href":"https:\/\/urlaub.vogt-clan.de\/index.php?rest_route=%2Fwp%2Fv2%2Fmedia&parent=975"}],"curies":[{"name":"wp","href":"https:\/\/api.w.org\/{rel}","templated":true}]}}